{"id":160,"date":"2025-10-25T15:44:56","date_gmt":"2025-10-25T13:44:56","guid":{"rendered":"https:\/\/kemlex.pl\/?page_id=160"},"modified":"2025-12-29T19:37:00","modified_gmt":"2025-12-29T18:37:00","slug":"restrukturyzacja","status":"publish","type":"page","link":"https:\/\/kemlex.pl\/?page_id=160","title":{"rendered":"Restrukturyzacja"},"content":{"rendered":"\t\t<div data-elementor-type=\"wp-page\" data-elementor-id=\"160\" class=\"elementor elementor-160\">\n\t\t\t\t<div class=\"elementor-element elementor-element-f93da8c e-flex e-con-boxed e-con e-parent\" data-id=\"f93da8c\" data-element_type=\"container\">\n\t\t\t\t\t<div class=\"e-con-inner\">\n\t\t<div class=\"elementor-element elementor-element-cec57ff e-con-full e-flex e-con e-child\" data-id=\"cec57ff\" data-element_type=\"container\">\n\t\t\t\t<div class=\"elementor-element elementor-element-af36a58 elementor-widget elementor-widget-text-editor\" data-id=\"af36a58\" data-element_type=\"widget\" data-widget_type=\"text-editor.default\">\n\t\t\t\t\t\t\t\t\t<h4>Twoja firma zmaga si\u0119 z d\u0142ugami i grozi jej upad\u0142o\u015b\u0107?<\/h4><h4>Komornik wraz z wierzycielami strasz\u0105, \u017ce Was zlicytuj\u0105?<\/h4><h4>Nie czekaj \u2013 dzia\u0142aj!<\/h4><h4>Restrukturyzacja to legalne i skuteczne rozwi\u0105zanie, kt\u00f3re pozwala unikn\u0105\u0107 bankructwa, zyska\u0107 czas na sp\u0142at\u0119 zobowi\u0105za\u0144 i ochroni\u0107 maj\u0105tek.<\/h4><h4>Nasze dzia\u0142ania to nie tylko uk\u0142ad. To przede wszystkim realna naprawa twojej firmy \u2013 od finasowania, poprawy sprzeda\u017cy, optymalizacji koszt\u00f3w produkcji, do ugody z wierzycielami i redukcji cz\u0119\u015bci zobowi\u0105za\u0144.<\/h4>\t\t\t\t\t\t\t\t<\/div>\n\t\t\t\t<\/div>\n\t\t\t\t\t<\/div>\n\t\t\t\t<\/div>\n\t\t\t\t<\/div>\n\t\t","protected":false},"excerpt":{"rendered":"<p>Twoja firma zmaga si\u0119 z d\u0142ugami i grozi jej upad\u0142o\u015b\u0107? Komornik wraz z wierzycielami strasz\u0105, \u017ce Was zlicytuj\u0105? Nie czekaj [&hellip;]<\/p>\n","protected":false},"author":1,"featured_media":0,"parent":0,"menu_order":0,"comment_status":"closed","ping_status":"closed","template":"","meta":{"site-sidebar-layout":"default","site-content-layout":"","ast-site-content-layout":"default","site-content-style":"default","site-sidebar-style":"default","ast-global-header-display":"","ast-banner-title-visibility":"","ast-main-header-display":"","ast-hfb-above-header-display":"","ast-hfb-below-header-display":"","ast-hfb-mobile-header-display":"","site-post-title":"","ast-breadcrumbs-content":"","ast-featured-img":"","footer-sml-layout":"","theme-transparent-header-meta":"default","adv-header-id-meta":"","stick-header-meta":"","header-above-stick-meta":"","header-main-stick-meta":"","header-below-stick-meta":"","astra-migrate-meta-layouts":"set","ast-page-background-enabled":"default","ast-page-background-meta":{"desktop":{"background-color":"var(--ast-global-color-5)","background-image":"","background-repeat":"repeat","background-position":"center center","background-size":"auto","background-attachment":"scroll","background-type":"","background-media":"","overlay-type":"","overlay-color":"","overlay-opacity":"","overlay-gradient":""},"tablet":{"background-color":"","background-image":"","background-repeat":"repeat","background-position":"center center","background-size":"auto","background-attachment":"scroll","background-type":"","background-media":"","overlay-type":"","overlay-color":"","overlay-opacity":"","overlay-gradient":""},"mobile":{"background-color":"","background-image":"","background-repeat":"repeat","background-position":"center center","background-size":"auto","background-attachment":"scroll","background-type":"","background-media":"","overlay-type":"","overlay-color":"","overlay-opacity":"","overlay-gradient":""}},"ast-content-background-meta":{"desktop":{"background-color":"var(--ast-global-color-4)","background-image":"","background-repeat":"repeat","background-position":"center center","background-size":"auto","background-attachment":"scroll","background-type":"","background-media":"","overlay-type":"","overlay-color":"","overlay-opacity":"","overlay-gradient":""},"tablet":{"background-color":"var(--ast-global-color-4)","background-image":"","background-repeat":"repeat","background-position":"center center","background-size":"auto","background-attachment":"scroll","background-type":"","background-media":"","overlay-type":"","overlay-color":"","overlay-opacity":"","overlay-gradient":""},"mobile":{"background-color":"var(--ast-global-color-4)","background-image":"","background-repeat":"repeat","background-position":"center center","background-size":"auto","background-attachment":"scroll","background-type":"","background-media":"","overlay-type":"","overlay-color":"","overlay-opacity":"","overlay-gradient":""}},"footnotes":""},"class_list":["post-160","page","type-page","status-publish","hentry"],"yoast_head":"<!-- This site is optimized with the Yoast SEO plugin v26.2 - https:\/\/yoast.com\/wordpress\/plugins\/seo\/ -->\n<title>Restrukturyzacja -<\/title>\n<meta name=\"robots\" content=\"index, follow, max-snippet:-1, max-image-preview:large, max-video-preview:-1\" \/>\n<link rel=\"canonical\" href=\"https:\/\/kemlex.pl\/?page_id=160\" \/>\n<meta property=\"og:locale\" content=\"en_US\" \/>\n<meta property=\"og:type\" content=\"article\" \/>\n<meta property=\"og:title\" content=\"Restrukturyzacja -\" \/>\n<meta property=\"og:description\" content=\"Twoja firma zmaga si\u0119 z d\u0142ugami i grozi jej upad\u0142o\u015b\u0107? Komornik wraz z wierzycielami strasz\u0105, \u017ce Was zlicytuj\u0105? Nie czekaj [&hellip;]\" \/>\n<meta property=\"og:url\" content=\"https:\/\/kemlex.pl\/?page_id=160\" \/>\n<meta property=\"article:modified_time\" content=\"2025-12-29T18:37:00+00:00\" \/>\n<meta name=\"twitter:card\" content=\"summary_large_image\" \/>\n<meta name=\"twitter:label1\" content=\"Est. reading time\" \/>\n\t<meta name=\"twitter:data1\" content=\"1 minute\" \/>\n<script type=\"application\/ld+json\" class=\"yoast-schema-graph\">{\"@context\":\"https:\/\/schema.org\",\"@graph\":[{\"@type\":\"WebPage\",\"@id\":\"https:\/\/kemlex.pl\/?page_id=160\",\"url\":\"https:\/\/kemlex.pl\/?page_id=160\",\"name\":\"Restrukturyzacja -\",\"isPartOf\":{\"@id\":\"https:\/\/kemlex.pl\/#website\"},\"datePublished\":\"2025-10-25T13:44:56+00:00\",\"dateModified\":\"2025-12-29T18:37:00+00:00\",\"breadcrumb\":{\"@id\":\"https:\/\/kemlex.pl\/?page_id=160#breadcrumb\"},\"inLanguage\":\"en-US\",\"potentialAction\":[{\"@type\":\"ReadAction\",\"target\":[\"https:\/\/kemlex.pl\/?page_id=160\"]}]},{\"@type\":\"BreadcrumbList\",\"@id\":\"https:\/\/kemlex.pl\/?page_id=160#breadcrumb\",\"itemListElement\":[{\"@type\":\"ListItem\",\"position\":1,\"name\":\"Strona g\u0142\u00f3wna\",\"item\":\"https:\/\/kemlex.pl\/\"},{\"@type\":\"ListItem\",\"position\":2,\"name\":\"Restrukturyzacja\"}]},{\"@type\":\"WebSite\",\"@id\":\"https:\/\/kemlex.pl\/#website\",\"url\":\"https:\/\/kemlex.pl\/\",\"name\":\"kemlex\",\"description\":\"\",\"publisher\":{\"@id\":\"https:\/\/kemlex.pl\/#organization\"},\"potentialAction\":[{\"@type\":\"SearchAction\",\"target\":{\"@type\":\"EntryPoint\",\"urlTemplate\":\"https:\/\/kemlex.pl\/?s={search_term_string}\"},\"query-input\":{\"@type\":\"PropertyValueSpecification\",\"valueRequired\":true,\"valueName\":\"search_term_string\"}}],\"inLanguage\":\"en-US\"},{\"@type\":\"Organization\",\"@id\":\"https:\/\/kemlex.pl\/#organization\",\"name\":\"Kemlex\",\"url\":\"https:\/\/kemlex.pl\/\",\"logo\":{\"@type\":\"ImageObject\",\"inLanguage\":\"en-US\",\"@id\":\"https:\/\/kemlex.pl\/#\/schema\/logo\/image\/\",\"url\":\"http:\/\/kemlex.pl\/wp-content\/uploads\/2025\/10\/ChatGPT-Image-25-paz-2025-17_04_39-1.png\",\"contentUrl\":\"http:\/\/kemlex.pl\/wp-content\/uploads\/2025\/10\/ChatGPT-Image-25-paz-2025-17_04_39-1.png\",\"width\":1024,\"height\":1024,\"caption\":\"Kemlex\"},\"image\":{\"@id\":\"https:\/\/kemlex.pl\/#\/schema\/logo\/image\/\"},\"sameAs\":[\"https:\/\/instagram.com\"]}]}<\/script>\n<!-- \/ Yoast SEO plugin. -->","yoast_head_json":{"title":"Restrukturyzacja -","robots":{"index":"index","follow":"follow","max-snippet":"max-snippet:-1","max-image-preview":"max-image-preview:large","max-video-preview":"max-video-preview:-1"},"canonical":"https:\/\/kemlex.pl\/?page_id=160","og_locale":"en_US","og_type":"article","og_title":"Restrukturyzacja -","og_description":"Twoja firma zmaga si\u0119 z d\u0142ugami i grozi jej upad\u0142o\u015b\u0107? Komornik wraz z wierzycielami strasz\u0105, \u017ce Was zlicytuj\u0105? Nie czekaj [&hellip;]","og_url":"https:\/\/kemlex.pl\/?page_id=160","article_modified_time":"2025-12-29T18:37:00+00:00","twitter_card":"summary_large_image","twitter_misc":{"Est. reading time":"1 minute"},"schema":{"@context":"https:\/\/schema.org","@graph":[{"@type":"WebPage","@id":"https:\/\/kemlex.pl\/?page_id=160","url":"https:\/\/kemlex.pl\/?page_id=160","name":"Restrukturyzacja -","isPartOf":{"@id":"https:\/\/kemlex.pl\/#website"},"datePublished":"2025-10-25T13:44:56+00:00","dateModified":"2025-12-29T18:37:00+00:00","breadcrumb":{"@id":"https:\/\/kemlex.pl\/?page_id=160#breadcrumb"},"inLanguage":"en-US","potentialAction":[{"@type":"ReadAction","target":["https:\/\/kemlex.pl\/?page_id=160"]}]},{"@type":"BreadcrumbList","@id":"https:\/\/kemlex.pl\/?page_id=160#breadcrumb","itemListElement":[{"@type":"ListItem","position":1,"name":"Strona g\u0142\u00f3wna","item":"https:\/\/kemlex.pl\/"},{"@type":"ListItem","position":2,"name":"Restrukturyzacja"}]},{"@type":"WebSite","@id":"https:\/\/kemlex.pl\/#website","url":"https:\/\/kemlex.pl\/","name":"kemlex","description":"","publisher":{"@id":"https:\/\/kemlex.pl\/#organization"},"potentialAction":[{"@type":"SearchAction","target":{"@type":"EntryPoint","urlTemplate":"https:\/\/kemlex.pl\/?s={search_term_string}"},"query-input":{"@type":"PropertyValueSpecification","valueRequired":true,"valueName":"search_term_string"}}],"inLanguage":"en-US"},{"@type":"Organization","@id":"https:\/\/kemlex.pl\/#organization","name":"Kemlex","url":"https:\/\/kemlex.pl\/","logo":{"@type":"ImageObject","inLanguage":"en-US","@id":"https:\/\/kemlex.pl\/#\/schema\/logo\/image\/","url":"http:\/\/kemlex.pl\/wp-content\/uploads\/2025\/10\/ChatGPT-Image-25-paz-2025-17_04_39-1.png","contentUrl":"http:\/\/kemlex.pl\/wp-content\/uploads\/2025\/10\/ChatGPT-Image-25-paz-2025-17_04_39-1.png","width":1024,"height":1024,"caption":"Kemlex"},"image":{"@id":"https:\/\/kemlex.pl\/#\/schema\/logo\/image\/"},"sameAs":["https:\/\/instagram.com"]}]}},"_links":{"self":[{"href":"https:\/\/kemlex.pl\/index.php?rest_route=\/wp\/v2\/pages\/160","targetHints":{"allow":["GET"]}}],"collection":[{"href":"https:\/\/kemlex.pl\/index.php?rest_route=\/wp\/v2\/pages"}],"about":[{"href":"https:\/\/kemlex.pl\/index.php?rest_route=\/wp\/v2\/types\/page"}],"author":[{"embeddable":true,"href":"https:\/\/kemlex.pl\/index.php?rest_route=\/wp\/v2\/users\/1"}],"replies":[{"embeddable":true,"href":"https:\/\/kemlex.pl\/index.php?rest_route=%2Fwp%2Fv2%2Fcomments&post=160"}],"version-history":[{"count":16,"href":"https:\/\/kemlex.pl\/index.php?rest_route=\/wp\/v2\/pages\/160\/revisions"}],"predecessor-version":[{"id":439,"href":"https:\/\/kemlex.pl\/index.php?rest_route=\/wp\/v2\/pages\/160\/revisions\/439"}],"wp:attachment":[{"href":"https:\/\/kemlex.pl\/index.php?rest_route=%2Fwp%2Fv2%2Fmedia&parent=160"}],"curies":[{"name":"wp","href":"https:\/\/api.w.org\/{rel}","templated":true}]}}