{"id":233,"date":"2025-11-19T18:17:53","date_gmt":"2025-11-19T17:17:53","guid":{"rendered":"http:\/\/kemlex.pl\/?page_id=233"},"modified":"2025-12-29T19:31:14","modified_gmt":"2025-12-29T18:31:14","slug":"strona-glowna","status":"publish","type":"page","link":"https:\/\/kemlex.pl\/","title":{"rendered":""},"content":{"rendered":"\t\t<div data-elementor-type=\"wp-page\" data-elementor-id=\"233\" class=\"elementor elementor-233\">\n\t\t\t\t<div class=\"elementor-element elementor-element-365c6e8 e-flex e-con-boxed e-con e-parent\" data-id=\"365c6e8\" data-element_type=\"container\">\n\t\t\t\t\t<div class=\"e-con-inner\">\n\t\t<div class=\"elementor-element elementor-element-f3b4978 e-con-full e-flex e-con e-child\" data-id=\"f3b4978\" data-element_type=\"container\">\n\t\t<div class=\"elementor-element elementor-element-40956be e-con-full e-flex e-con e-child\" data-id=\"40956be\" data-element_type=\"container\">\n\t\t\t\t<\/div>\n\t\t<div class=\"elementor-element elementor-element-89b2513 e-con-full e-flex e-con e-child\" data-id=\"89b2513\" data-element_type=\"container\">\n\t\t\t\t<div class=\"elementor-element elementor-element-e00413e elementor-widget elementor-widget-heading\" data-id=\"e00413e\" data-element_type=\"widget\" data-widget_type=\"heading.default\">\n\t\t\t\t\t<h2 class=\"elementor-heading-title elementor-size-default\">Wyj\u015bcie z problem\u00f3w finansowych jest mo\u017cliwe<\/h2>\t\t\t\t<\/div>\n\t\t\t\t<div class=\"elementor-element elementor-element-1e20d40 elementor-widget elementor-widget-text-editor\" data-id=\"1e20d40\" data-element_type=\"widget\" data-widget_type=\"text-editor.default\">\n\t\t\t\t\t\t\t\t\t<h3>Je\u015bli d\u0142ugi przyt\u0142aczaj\u0105 Twoj\u0105 firm\u0119, kt\u00f3ra traci p\u0142ynno\u015b\u0107, a codzienno\u015b\u0107 staje si\u0119 walk\u0105 \u2014 nie oznacza to ko\u0144ca dzia\u0142alno\u015bci.<\/h3><h3><br data-start=\"725\" data-end=\"728\" \/>Pomagamy ma\u0142ym i du\u017cym przedsi\u0119biorstwom odzyska\u0107 kontrol\u0119 nad finansami, uporz\u0105dkowa\u0107 sytuacj\u0119 w firmie\u00a0 \u00a0 \u00a0 \u00a0 i zacz\u0105\u0107 od nowa.<\/h3>\t\t\t\t\t\t\t\t<\/div>\n\t\t\t\t<div class=\"elementor-element elementor-element-a9cf20c elementor-align-center elementor-widget elementor-widget-button\" data-id=\"a9cf20c\" data-element_type=\"widget\" data-widget_type=\"button.default\">\n\t\t\t\t\t\t\t\t\t\t<a class=\"elementor-button elementor-button-link elementor-size-sm\" href=\"https:\/\/kemlex.pl\/?page_id=2\" id=\"#kontakt\">\n\t\t\t\t\t\t<span class=\"elementor-button-content-wrapper\">\n\t\t\t\t\t\t\t\t\t<span class=\"elementor-button-text\">Skontaktuj si\u0119<\/span>\n\t\t\t\t\t<\/span>\n\t\t\t\t\t<\/a>\n\t\t\t\t\t\t\t\t<\/div>\n\t\t\t\t<div class=\"elementor-element elementor-element-e2d7d04 elementor-align-center elementor-widget elementor-widget-button\" data-id=\"e2d7d04\" data-element_type=\"widget\" data-widget_type=\"button.default\">\n\t\t\t\t\t\t\t\t\t\t<a class=\"elementor-button elementor-button-link elementor-size-sm\" href=\"https:\/\/kemlex.pl\/?page_id=160\" id=\"#upadlosc\">\n\t\t\t\t\t\t<span class=\"elementor-button-content-wrapper\">\n\t\t\t\t\t\t\t\t\t<span class=\"elementor-button-text\">Dowiedz si\u0119 wi\u0119cej<\/span>\n\t\t\t\t\t<\/span>\n\t\t\t\t\t<\/a>\n\t\t\t\t\t\t\t\t<\/div>\n\t\t\t\t<\/div>\n\t\t\t\t<\/div>\n\t\t<div class=\"elementor-element elementor-element-bcbcc0f e-con-full e-flex e-con e-child\" data-id=\"bcbcc0f\" data-element_type=\"container\">\n\t\t\t\t<div class=\"elementor-element elementor-element-abafc3a elementor-widget elementor-widget-image\" data-id=\"abafc3a\" data-element_type=\"widget\" data-widget_type=\"image.default\">\n\t\t\t\t\t\t\t\t\t\t\t\t\t\t\t<img fetchpriority=\"high\" decoding=\"async\" width=\"768\" height=\"1152\" src=\"https:\/\/kemlex.pl\/wp-content\/uploads\/2025\/11\/foto-portet-13-1-768x1152.jpg\" class=\"attachment-medium_large size-medium_large wp-image-235\" alt=\"\" srcset=\"https:\/\/kemlex.pl\/wp-content\/uploads\/2025\/11\/foto-portet-13-1-768x1152.jpg 768w, https:\/\/kemlex.pl\/wp-content\/uploads\/2025\/11\/foto-portet-13-1-200x300.jpg 200w, https:\/\/kemlex.pl\/wp-content\/uploads\/2025\/11\/foto-portet-13-1-683x1024.jpg 683w, https:\/\/kemlex.pl\/wp-content\/uploads\/2025\/11\/foto-portet-13-1-1024x1536.jpg 1024w, https:\/\/kemlex.pl\/wp-content\/uploads\/2025\/11\/foto-portet-13-1-1365x2048.jpg 1365w, https:\/\/kemlex.pl\/wp-content\/uploads\/2025\/11\/foto-portet-13-1-scaled-e1763983002303.jpg 1322w\" sizes=\"(max-width: 768px) 100vw, 768px\" \/>\t\t\t\t\t\t\t\t\t\t\t\t\t\t\t<\/div>\n\t\t\t\t<\/div>\n\t\t\t\t\t<\/div>\n\t\t\t\t<\/div>\n\t\t<div class=\"elementor-element elementor-element-92d8727 e-flex e-con-boxed e-con e-parent\" data-id=\"92d8727\" data-element_type=\"container\">\n\t\t\t\t\t<div class=\"e-con-inner\">\n\t\t\t\t<div class=\"elementor-element elementor-element-8ae4bce elementor-widget elementor-widget-text-editor\" data-id=\"8ae4bce\" data-element_type=\"widget\" data-widget_type=\"text-editor.default\">\n\t\t\t\t\t\t\t\t\t<h2 data-start=\"1311\" data-end=\"1394\"><strong data-start=\"1315\" data-end=\"1392\">S\u0105 skuteczne sposoby, aby zatrzyma\u0107 spiral\u0119 d\u0142ug\u00f3w i odzyska\u0107 stabilno\u015b\u0107.<\/strong><\/h2><h5 data-start=\"1395\" data-end=\"1548\">Niezale\u017cnie od tego, czy zmagasz si\u0119 z zad\u0142u\u017ceniem prywatnym, czy problemami finansowymi w firmie \u2013 istniej\u0105 narz\u0119dzia, kt\u00f3re mog\u0105 pom\u00f3c wyj\u015b\u0107 z kryzysu:<\/h5><ul data-start=\"1550\" data-end=\"1709\"><li data-start=\"1580\" data-end=\"1618\"><h5 data-start=\"1582\" data-end=\"1618\">zatrzymanie dzia\u0142a\u0144 windykacyjnych i egzekucyjnych,<\/h5><\/li><li><h5 data-start=\"1648\" data-end=\"1665\">ochrona maj\u0105tku,<\/h5><\/li><li><h5 data-start=\"1552\" data-end=\"1579\">uporz\u0105dkowanie zobowi\u0105za\u0144,<\/h5><\/li><li><h5 data-start=\"1648\" data-end=\"1665\">negocjowanie z wierzycielami,<\/h5><\/li><li data-start=\"1619\" data-end=\"1645\"><h5 data-start=\"1621\" data-end=\"1645\">restrukturyzacja firmy,<\/h5><\/li><li><h5 data-start=\"1648\" data-end=\"1665\">zwi\u0119kszenie rentowno\u015bci i konkurencyjno\u015bci,<\/h5><\/li><li data-start=\"1666\" data-end=\"1709\"><h5 data-start=\"1668\" data-end=\"1709\">finansowanie pomostowe,<\/h5><\/li><li><h5 data-start=\"1648\" data-end=\"1665\">pozyskiwanie nowych klient\u00f3w.<\/h5><\/li><\/ul><h3 data-start=\"1711\" data-end=\"1749\"><strong data-start=\"1715\" data-end=\"1749\">Nasze kompleksowe dzia\u0142ania maj\u0105 na celu uratowa\u0107 Twoj\u0105 firm\u0105.<\/strong><\/h3>\t\t\t\t\t\t\t\t<\/div>\n\t\t\t\t\t<\/div>\n\t\t\t\t<\/div>\n\t\t<div class=\"elementor-element elementor-element-f9862cd e-flex e-con-boxed e-con e-parent\" data-id=\"f9862cd\" data-element_type=\"container\">\n\t\t\t\t\t<div class=\"e-con-inner\">\n\t\t<div class=\"elementor-element elementor-element-8e74edf e-con-full e-flex e-con e-child\" data-id=\"8e74edf\" data-element_type=\"container\">\n\t\t\t\t<div class=\"elementor-element elementor-element-c89988d elementor-widget elementor-widget-image\" data-id=\"c89988d\" data-element_type=\"widget\" data-widget_type=\"image.default\">\n\t\t\t\t\t\t\t\t\t\t\t\t\t\t\t<img decoding=\"async\" width=\"512\" height=\"512\" src=\"https:\/\/kemlex.pl\/wp-content\/uploads\/2025\/11\/cropped-cropped-pngggggggggggg.png\" class=\"attachment-medium_large size-medium_large wp-image-242\" alt=\"\" srcset=\"https:\/\/kemlex.pl\/wp-content\/uploads\/2025\/11\/cropped-cropped-pngggggggggggg.png 512w, https:\/\/kemlex.pl\/wp-content\/uploads\/2025\/11\/cropped-cropped-pngggggggggggg-300x300.png 300w, https:\/\/kemlex.pl\/wp-content\/uploads\/2025\/11\/cropped-cropped-pngggggggggggg-150x150.png 150w, https:\/\/kemlex.pl\/wp-content\/uploads\/2025\/11\/cropped-cropped-pngggggggggggg-270x270.png 270w, https:\/\/kemlex.pl\/wp-content\/uploads\/2025\/11\/cropped-cropped-pngggggggggggg-192x192.png 192w, https:\/\/kemlex.pl\/wp-content\/uploads\/2025\/11\/cropped-cropped-pngggggggggggg-180x180.png 180w, https:\/\/kemlex.pl\/wp-content\/uploads\/2025\/11\/cropped-cropped-pngggggggggggg-32x32.png 32w\" sizes=\"(max-width: 512px) 100vw, 512px\" \/>\t\t\t\t\t\t\t\t\t\t\t\t\t\t\t<\/div>\n\t\t\t\t<\/div>\n\t\t<div class=\"elementor-element elementor-element-8bbb18b e-con-full e-flex e-con e-child\" data-id=\"8bbb18b\" data-element_type=\"container\">\n\t\t<div class=\"elementor-element elementor-element-b02c5e2 e-con-full e-flex e-con e-child\" data-id=\"b02c5e2\" data-element_type=\"container\">\n\t\t<div class=\"elementor-element elementor-element-e8816c8 e-con-full e-flex e-con e-child\" data-id=\"e8816c8\" data-element_type=\"container\">\n\t\t\t\t<\/div>\n\t\t\t\t<div class=\"elementor-element elementor-element-f3eb739 elementor-widget elementor-widget-heading\" data-id=\"f3eb739\" data-element_type=\"widget\" data-widget_type=\"heading.default\">\n\t\t\t\t\t<h3 class=\"elementor-heading-title elementor-size-default\">Uratuj swoj\u0105 firm\u0119 i odzyskaj kontrol\u0119 nad finansami!<\/h3>\t\t\t\t<\/div>\n\t\t\t\t<\/div>\n\t\t<div class=\"elementor-element elementor-element-e2ff714 e-con-full e-flex e-con e-child\" data-id=\"e2ff714\" data-element_type=\"container\">\n\t\t\t\t<div class=\"elementor-element elementor-element-25a693f elementor-widget elementor-widget-text-editor\" data-id=\"25a693f\" data-element_type=\"widget\" data-widget_type=\"text-editor.default\">\n\t\t\t\t\t\t\t\t\t<h5 data-start=\"1979\" data-end=\"2105\"><br \/>Dzi\u0119ki naszemu do\u015bwiadczeniu mo\u017cemy przeprowadzi\u0107 Ci\u0119 przez ca\u0142y proces, krok po kroku \u2014 od analizy sytuacji, a\u017c po finalne rozwi\u0105zanie.<\/h5>\t\t\t\t\t\t\t\t<\/div>\n\t\t\t\t<\/div>\n\t\t\t\t<\/div>\n\t\t\t\t\t<\/div>\n\t\t\t\t<\/div>\n\t\t\t\t<\/div>\n\t\t","protected":false},"excerpt":{"rendered":"<p>Wyj\u015bcie z problem\u00f3w finansowych jest mo\u017cliwe Je\u015bli d\u0142ugi przyt\u0142aczaj\u0105 Twoj\u0105 firm\u0119, kt\u00f3ra traci p\u0142ynno\u015b\u0107, a codzienno\u015b\u0107 staje si\u0119 walk\u0105 \u2014 [&hellip;]<\/p>\n","protected":false},"author":1,"featured_media":0,"parent":0,"menu_order":0,"comment_status":"closed","ping_status":"closed","template":"","meta":{"site-sidebar-layout":"default","site-content-layout":"","ast-site-content-layout":"default","site-content-style":"default","site-sidebar-style":"default","ast-global-header-display":"","ast-banner-title-visibility":"","ast-main-header-display":"","ast-hfb-above-header-display":"","ast-hfb-below-header-display":"","ast-hfb-mobile-header-display":"","site-post-title":"","ast-breadcrumbs-content":"","ast-featured-img":"","footer-sml-layout":"","theme-transparent-header-meta":"default","adv-header-id-meta":"","stick-header-meta":"","header-above-stick-meta":"","header-main-stick-meta":"","header-below-stick-meta":"","astra-migrate-meta-layouts":"set","ast-page-background-enabled":"default","ast-page-background-meta":{"desktop":{"background-color":"var(--ast-global-color-5)","background-image":"","background-repeat":"repeat","background-position":"center center","background-size":"auto","background-attachment":"scroll","background-type":"","background-media":"","overlay-type":"","overlay-color":"","overlay-opacity":"","overlay-gradient":""},"tablet":{"background-color":"","background-image":"","background-repeat":"repeat","background-position":"center center","background-size":"auto","background-attachment":"scroll","background-type":"","background-media":"","overlay-type":"","overlay-color":"","overlay-opacity":"","overlay-gradient":""},"mobile":{"background-color":"","background-image":"","background-repeat":"repeat","background-position":"center center","background-size":"auto","background-attachment":"scroll","background-type":"","background-media":"","overlay-type":"","overlay-color":"","overlay-opacity":"","overlay-gradient":""}},"ast-content-background-meta":{"desktop":{"background-color":"var(--ast-global-color-4)","background-image":"","background-repeat":"repeat","background-position":"center center","background-size":"auto","background-attachment":"scroll","background-type":"","background-media":"","overlay-type":"","overlay-color":"","overlay-opacity":"","overlay-gradient":""},"tablet":{"background-color":"var(--ast-global-color-4)","background-image":"","background-repeat":"repeat","background-position":"center center","background-size":"auto","background-attachment":"scroll","background-type":"","background-media":"","overlay-type":"","overlay-color":"","overlay-opacity":"","overlay-gradient":""},"mobile":{"background-color":"var(--ast-global-color-4)","background-image":"","background-repeat":"repeat","background-position":"center center","background-size":"auto","background-attachment":"scroll","background-type":"","background-media":"","overlay-type":"","overlay-color":"","overlay-opacity":"","overlay-gradient":""}},"footnotes":""},"class_list":["post-233","page","type-page","status-publish","hentry"],"yoast_head":"<!-- This site is optimized with the Yoast SEO plugin v26.2 - https:\/\/yoast.com\/wordpress\/plugins\/seo\/ -->\n<title>-<\/title>\n<meta name=\"robots\" content=\"index, follow, max-snippet:-1, max-image-preview:large, max-video-preview:-1\" \/>\n<link rel=\"canonical\" href=\"https:\/\/kemlex.pl\/\" \/>\n<meta property=\"og:locale\" content=\"en_US\" \/>\n<meta property=\"og:type\" content=\"article\" \/>\n<meta property=\"og:title\" content=\"-\" \/>\n<meta property=\"og:description\" content=\"Wyj\u015bcie z problem\u00f3w finansowych jest mo\u017cliwe Je\u015bli d\u0142ugi przyt\u0142aczaj\u0105 Twoj\u0105 firm\u0119, kt\u00f3ra traci p\u0142ynno\u015b\u0107, a codzienno\u015b\u0107 staje si\u0119 walk\u0105 \u2014 [&hellip;]\" \/>\n<meta property=\"og:url\" content=\"https:\/\/kemlex.pl\/\" \/>\n<meta property=\"article:modified_time\" content=\"2025-12-29T18:31:14+00:00\" \/>\n<meta property=\"og:image\" content=\"http:\/\/kemlex.pl\/wp-content\/uploads\/2025\/11\/foto-portet-13-1-768x1152.jpg\" \/>\n<meta name=\"twitter:card\" content=\"summary_large_image\" \/>\n<meta name=\"twitter:label1\" content=\"Est. reading time\" \/>\n\t<meta name=\"twitter:data1\" content=\"1 minute\" \/>\n<script type=\"application\/ld+json\" class=\"yoast-schema-graph\">{\"@context\":\"https:\/\/schema.org\",\"@graph\":[{\"@type\":\"WebPage\",\"@id\":\"https:\/\/kemlex.pl\/\",\"url\":\"https:\/\/kemlex.pl\/\",\"name\":\"-\",\"isPartOf\":{\"@id\":\"https:\/\/kemlex.pl\/#website\"},\"primaryImageOfPage\":{\"@id\":\"https:\/\/kemlex.pl\/#primaryimage\"},\"image\":{\"@id\":\"https:\/\/kemlex.pl\/#primaryimage\"},\"thumbnailUrl\":\"http:\/\/kemlex.pl\/wp-content\/uploads\/2025\/11\/foto-portet-13-1-768x1152.jpg\",\"datePublished\":\"2025-11-19T17:17:53+00:00\",\"dateModified\":\"2025-12-29T18:31:14+00:00\",\"inLanguage\":\"en-US\",\"potentialAction\":[{\"@type\":\"ReadAction\",\"target\":[\"https:\/\/kemlex.pl\/\"]}]},{\"@type\":\"ImageObject\",\"inLanguage\":\"en-US\",\"@id\":\"https:\/\/kemlex.pl\/#primaryimage\",\"url\":\"http:\/\/kemlex.pl\/wp-content\/uploads\/2025\/11\/foto-portet-13-1-768x1152.jpg\",\"contentUrl\":\"http:\/\/kemlex.pl\/wp-content\/uploads\/2025\/11\/foto-portet-13-1-768x1152.jpg\"},{\"@type\":\"WebSite\",\"@id\":\"https:\/\/kemlex.pl\/#website\",\"url\":\"https:\/\/kemlex.pl\/\",\"name\":\"kemlex\",\"description\":\"\",\"publisher\":{\"@id\":\"https:\/\/kemlex.pl\/#organization\"},\"potentialAction\":[{\"@type\":\"SearchAction\",\"target\":{\"@type\":\"EntryPoint\",\"urlTemplate\":\"https:\/\/kemlex.pl\/?s={search_term_string}\"},\"query-input\":{\"@type\":\"PropertyValueSpecification\",\"valueRequired\":true,\"valueName\":\"search_term_string\"}}],\"inLanguage\":\"en-US\"},{\"@type\":\"Organization\",\"@id\":\"https:\/\/kemlex.pl\/#organization\",\"name\":\"Kemlex\",\"url\":\"https:\/\/kemlex.pl\/\",\"logo\":{\"@type\":\"ImageObject\",\"inLanguage\":\"en-US\",\"@id\":\"https:\/\/kemlex.pl\/#\/schema\/logo\/image\/\",\"url\":\"http:\/\/kemlex.pl\/wp-content\/uploads\/2025\/10\/ChatGPT-Image-25-paz-2025-17_04_39-1.png\",\"contentUrl\":\"http:\/\/kemlex.pl\/wp-content\/uploads\/2025\/10\/ChatGPT-Image-25-paz-2025-17_04_39-1.png\",\"width\":1024,\"height\":1024,\"caption\":\"Kemlex\"},\"image\":{\"@id\":\"https:\/\/kemlex.pl\/#\/schema\/logo\/image\/\"},\"sameAs\":[\"https:\/\/instagram.com\"]}]}<\/script>\n<!-- \/ Yoast SEO plugin. -->","yoast_head_json":{"title":"-","robots":{"index":"index","follow":"follow","max-snippet":"max-snippet:-1","max-image-preview":"max-image-preview:large","max-video-preview":"max-video-preview:-1"},"canonical":"https:\/\/kemlex.pl\/","og_locale":"en_US","og_type":"article","og_title":"-","og_description":"Wyj\u015bcie z problem\u00f3w finansowych jest mo\u017cliwe Je\u015bli d\u0142ugi przyt\u0142aczaj\u0105 Twoj\u0105 firm\u0119, kt\u00f3ra traci p\u0142ynno\u015b\u0107, a codzienno\u015b\u0107 staje si\u0119 walk\u0105 \u2014 [&hellip;]","og_url":"https:\/\/kemlex.pl\/","article_modified_time":"2025-12-29T18:31:14+00:00","og_image":[{"url":"http:\/\/kemlex.pl\/wp-content\/uploads\/2025\/11\/foto-portet-13-1-768x1152.jpg","type":"","width":"","height":""}],"twitter_card":"summary_large_image","twitter_misc":{"Est. reading time":"1 minute"},"schema":{"@context":"https:\/\/schema.org","@graph":[{"@type":"WebPage","@id":"https:\/\/kemlex.pl\/","url":"https:\/\/kemlex.pl\/","name":"-","isPartOf":{"@id":"https:\/\/kemlex.pl\/#website"},"primaryImageOfPage":{"@id":"https:\/\/kemlex.pl\/#primaryimage"},"image":{"@id":"https:\/\/kemlex.pl\/#primaryimage"},"thumbnailUrl":"http:\/\/kemlex.pl\/wp-content\/uploads\/2025\/11\/foto-portet-13-1-768x1152.jpg","datePublished":"2025-11-19T17:17:53+00:00","dateModified":"2025-12-29T18:31:14+00:00","inLanguage":"en-US","potentialAction":[{"@type":"ReadAction","target":["https:\/\/kemlex.pl\/"]}]},{"@type":"ImageObject","inLanguage":"en-US","@id":"https:\/\/kemlex.pl\/#primaryimage","url":"http:\/\/kemlex.pl\/wp-content\/uploads\/2025\/11\/foto-portet-13-1-768x1152.jpg","contentUrl":"http:\/\/kemlex.pl\/wp-content\/uploads\/2025\/11\/foto-portet-13-1-768x1152.jpg"},{"@type":"WebSite","@id":"https:\/\/kemlex.pl\/#website","url":"https:\/\/kemlex.pl\/","name":"kemlex","description":"","publisher":{"@id":"https:\/\/kemlex.pl\/#organization"},"potentialAction":[{"@type":"SearchAction","target":{"@type":"EntryPoint","urlTemplate":"https:\/\/kemlex.pl\/?s={search_term_string}"},"query-input":{"@type":"PropertyValueSpecification","valueRequired":true,"valueName":"search_term_string"}}],"inLanguage":"en-US"},{"@type":"Organization","@id":"https:\/\/kemlex.pl\/#organization","name":"Kemlex","url":"https:\/\/kemlex.pl\/","logo":{"@type":"ImageObject","inLanguage":"en-US","@id":"https:\/\/kemlex.pl\/#\/schema\/logo\/image\/","url":"http:\/\/kemlex.pl\/wp-content\/uploads\/2025\/10\/ChatGPT-Image-25-paz-2025-17_04_39-1.png","contentUrl":"http:\/\/kemlex.pl\/wp-content\/uploads\/2025\/10\/ChatGPT-Image-25-paz-2025-17_04_39-1.png","width":1024,"height":1024,"caption":"Kemlex"},"image":{"@id":"https:\/\/kemlex.pl\/#\/schema\/logo\/image\/"},"sameAs":["https:\/\/instagram.com"]}]}},"_links":{"self":[{"href":"https:\/\/kemlex.pl\/index.php?rest_route=\/wp\/v2\/pages\/233","targetHints":{"allow":["GET"]}}],"collection":[{"href":"https:\/\/kemlex.pl\/index.php?rest_route=\/wp\/v2\/pages"}],"about":[{"href":"https:\/\/kemlex.pl\/index.php?rest_route=\/wp\/v2\/types\/page"}],"author":[{"embeddable":true,"href":"https:\/\/kemlex.pl\/index.php?rest_route=\/wp\/v2\/users\/1"}],"replies":[{"embeddable":true,"href":"https:\/\/kemlex.pl\/index.php?rest_route=%2Fwp%2Fv2%2Fcomments&post=233"}],"version-history":[{"count":107,"href":"https:\/\/kemlex.pl\/index.php?rest_route=\/wp\/v2\/pages\/233\/revisions"}],"predecessor-version":[{"id":430,"href":"https:\/\/kemlex.pl\/index.php?rest_route=\/wp\/v2\/pages\/233\/revisions\/430"}],"wp:attachment":[{"href":"https:\/\/kemlex.pl\/index.php?rest_route=%2Fwp%2Fv2%2Fmedia&parent=233"}],"curies":[{"name":"wp","href":"https:\/\/api.w.org\/{rel}","templated":true}]}}