{"id":304,"date":"2025-11-27T10:22:01","date_gmt":"2025-11-27T09:22:01","guid":{"rendered":"https:\/\/kemlex.pl\/?page_id=304"},"modified":"2025-12-29T20:33:06","modified_gmt":"2025-12-29T19:33:06","slug":"zaufali-nam","status":"publish","type":"page","link":"https:\/\/kemlex.pl\/?page_id=304","title":{"rendered":"Zaufali nam"},"content":{"rendered":"\t\t<div data-elementor-type=\"wp-page\" data-elementor-id=\"304\" class=\"elementor elementor-304\">\n\t\t\t\t<div class=\"elementor-element elementor-element-8e0d779 e-flex e-con-boxed e-con e-parent\" data-id=\"8e0d779\" data-element_type=\"container\">\n\t\t\t\t\t<div class=\"e-con-inner\">\n\t\t\t\t<div class=\"elementor-element elementor-element-b414986 elementor-widget elementor-widget-text-editor\" data-id=\"b414986\" data-element_type=\"widget\" data-widget_type=\"text-editor.default\">\n\t\t\t\t\t\t\t\t\t<h4 class=\"p1\">Pensjonat \u201eLamar\u201d\u00a0<br \/>ul. Nawigacyjna nr 1,<br \/>84-120 W\u0142adys\u0142awowo\u00a0<br \/>NIP: 5871478055\u00a0<br \/>REGON: 191985335<br \/>Z czystym sumieniem polecam tego Doradc\u0119 \u2013 profesjonalne podej\u015bcie do klienta i merytoryczna wiedza.<\/h4><h4 class=\"p1\"><br \/>Domki Letniskowe PHU Wojciech Pestka\u00a0<br \/>ul. gen. Aleksandra Krzy\u017canowskiego 5\u00a0<br \/>84-104 Jastrz\u0119bia G\u00f3ra\u00a0<br \/>NIP: 5871002766<br \/>REGON: 191822870<br \/>\u015awietny i kompetentny zesp\u00f3\u0142. Polecam wsp\u00f3\u0142prac\u0119.\u00a0<\/h4><h4 class=\"p1\"><br \/>Producent mebli GRANI TOUR Sp. z o.o.\u00a0<br \/>ul. 11 Listopada 148\/ A\u00a0<br \/>62-030 Lubo\u0144\u00a0 \u00a0<br \/>KRS 0000454282<br \/>Du\u017ce zaanga\u017cowanie, \u015bwietne i skuteczne pomys\u0142y dla naszej firmy. Polecamy.\u00a0<\/h4>\t\t\t\t\t\t\t\t<\/div>\n\t\t\t\t\t<\/div>\n\t\t\t\t<\/div>\n\t\t\t\t<\/div>\n\t\t","protected":false},"excerpt":{"rendered":"<p>Pensjonat \u201eLamar\u201d\u00a0ul. Nawigacyjna nr 1,84-120 W\u0142adys\u0142awowo\u00a0NIP: 5871478055\u00a0REGON: 191985335Z czystym sumieniem polecam tego Doradc\u0119 \u2013 profesjonalne podej\u015bcie do klienta i merytoryczna [&hellip;]<\/p>\n","protected":false},"author":1,"featured_media":0,"parent":0,"menu_order":0,"comment_status":"closed","ping_status":"closed","template":"","meta":{"site-sidebar-layout":"no-sidebar","site-content-layout":"","ast-site-content-layout":"full-width-container","site-content-style":"default","site-sidebar-style":"default","ast-global-header-display":"","ast-banner-title-visibility":"","ast-main-header-display":"","ast-hfb-above-header-display":"","ast-hfb-below-header-display":"","ast-hfb-mobile-header-display":"","site-post-title":"","ast-breadcrumbs-content":"","ast-featured-img":"disabled","footer-sml-layout":"","theme-transparent-header-meta":"default","adv-header-id-meta":"","stick-header-meta":"","header-above-stick-meta":"","header-main-stick-meta":"","header-below-stick-meta":"","astra-migrate-meta-layouts":"set","ast-page-background-enabled":"default","ast-page-background-meta":{"desktop":{"background-color":"var(--ast-global-color-5)","background-image":"","background-repeat":"repeat","background-position":"center center","background-size":"auto","background-attachment":"scroll","background-type":"","background-media":"","overlay-type":"","overlay-color":"","overlay-opacity":"","overlay-gradient":""},"tablet":{"background-color":"","background-image":"","background-repeat":"repeat","background-position":"center center","background-size":"auto","background-attachment":"scroll","background-type":"","background-media":"","overlay-type":"","overlay-color":"","overlay-opacity":"","overlay-gradient":""},"mobile":{"background-color":"","background-image":"","background-repeat":"repeat","background-position":"center center","background-size":"auto","background-attachment":"scroll","background-type":"","background-media":"","overlay-type":"","overlay-color":"","overlay-opacity":"","overlay-gradient":""}},"ast-content-background-meta":{"desktop":{"background-color":"var(--ast-global-color-4)","background-image":"","background-repeat":"repeat","background-position":"center center","background-size":"auto","background-attachment":"scroll","background-type":"","background-media":"","overlay-type":"","overlay-color":"","overlay-opacity":"","overlay-gradient":""},"tablet":{"background-color":"var(--ast-global-color-4)","background-image":"","background-repeat":"repeat","background-position":"center center","background-size":"auto","background-attachment":"scroll","background-type":"","background-media":"","overlay-type":"","overlay-color":"","overlay-opacity":"","overlay-gradient":""},"mobile":{"background-color":"var(--ast-global-color-4)","background-image":"","background-repeat":"repeat","background-position":"center center","background-size":"auto","background-attachment":"scroll","background-type":"","background-media":"","overlay-type":"","overlay-color":"","overlay-opacity":"","overlay-gradient":""}},"footnotes":""},"class_list":["post-304","page","type-page","status-publish","hentry"],"yoast_head":"<!-- This site is optimized with the Yoast SEO plugin v26.2 - https:\/\/yoast.com\/wordpress\/plugins\/seo\/ -->\n<title>Zaufali nam -<\/title>\n<meta name=\"robots\" content=\"index, follow, max-snippet:-1, max-image-preview:large, max-video-preview:-1\" \/>\n<link rel=\"canonical\" href=\"https:\/\/kemlex.pl\/?page_id=304\" \/>\n<meta property=\"og:locale\" content=\"en_US\" \/>\n<meta property=\"og:type\" content=\"article\" \/>\n<meta property=\"og:title\" content=\"Zaufali nam -\" \/>\n<meta property=\"og:description\" content=\"Pensjonat \u201eLamar\u201d\u00a0ul. Nawigacyjna nr 1,84-120 W\u0142adys\u0142awowo\u00a0NIP: 5871478055\u00a0REGON: 191985335Z czystym sumieniem polecam tego Doradc\u0119 \u2013 profesjonalne podej\u015bcie do klienta i merytoryczna [&hellip;]\" \/>\n<meta property=\"og:url\" content=\"https:\/\/kemlex.pl\/?page_id=304\" \/>\n<meta property=\"article:modified_time\" content=\"2025-12-29T19:33:06+00:00\" \/>\n<meta name=\"twitter:card\" content=\"summary_large_image\" \/>\n<meta name=\"twitter:label1\" content=\"Est. reading time\" \/>\n\t<meta name=\"twitter:data1\" content=\"1 minute\" \/>\n<script type=\"application\/ld+json\" class=\"yoast-schema-graph\">{\"@context\":\"https:\/\/schema.org\",\"@graph\":[{\"@type\":\"WebPage\",\"@id\":\"https:\/\/kemlex.pl\/?page_id=304\",\"url\":\"https:\/\/kemlex.pl\/?page_id=304\",\"name\":\"Zaufali nam -\",\"isPartOf\":{\"@id\":\"https:\/\/kemlex.pl\/#website\"},\"datePublished\":\"2025-11-27T09:22:01+00:00\",\"dateModified\":\"2025-12-29T19:33:06+00:00\",\"breadcrumb\":{\"@id\":\"https:\/\/kemlex.pl\/?page_id=304#breadcrumb\"},\"inLanguage\":\"en-US\",\"potentialAction\":[{\"@type\":\"ReadAction\",\"target\":[\"https:\/\/kemlex.pl\/?page_id=304\"]}]},{\"@type\":\"BreadcrumbList\",\"@id\":\"https:\/\/kemlex.pl\/?page_id=304#breadcrumb\",\"itemListElement\":[{\"@type\":\"ListItem\",\"position\":1,\"name\":\"Strona g\u0142\u00f3wna\",\"item\":\"https:\/\/kemlex.pl\/\"},{\"@type\":\"ListItem\",\"position\":2,\"name\":\"Zaufali nam\"}]},{\"@type\":\"WebSite\",\"@id\":\"https:\/\/kemlex.pl\/#website\",\"url\":\"https:\/\/kemlex.pl\/\",\"name\":\"kemlex\",\"description\":\"\",\"publisher\":{\"@id\":\"https:\/\/kemlex.pl\/#organization\"},\"potentialAction\":[{\"@type\":\"SearchAction\",\"target\":{\"@type\":\"EntryPoint\",\"urlTemplate\":\"https:\/\/kemlex.pl\/?s={search_term_string}\"},\"query-input\":{\"@type\":\"PropertyValueSpecification\",\"valueRequired\":true,\"valueName\":\"search_term_string\"}}],\"inLanguage\":\"en-US\"},{\"@type\":\"Organization\",\"@id\":\"https:\/\/kemlex.pl\/#organization\",\"name\":\"Kemlex\",\"url\":\"https:\/\/kemlex.pl\/\",\"logo\":{\"@type\":\"ImageObject\",\"inLanguage\":\"en-US\",\"@id\":\"https:\/\/kemlex.pl\/#\/schema\/logo\/image\/\",\"url\":\"http:\/\/kemlex.pl\/wp-content\/uploads\/2025\/10\/ChatGPT-Image-25-paz-2025-17_04_39-1.png\",\"contentUrl\":\"http:\/\/kemlex.pl\/wp-content\/uploads\/2025\/10\/ChatGPT-Image-25-paz-2025-17_04_39-1.png\",\"width\":1024,\"height\":1024,\"caption\":\"Kemlex\"},\"image\":{\"@id\":\"https:\/\/kemlex.pl\/#\/schema\/logo\/image\/\"},\"sameAs\":[\"https:\/\/instagram.com\"]}]}<\/script>\n<!-- \/ Yoast SEO plugin. -->","yoast_head_json":{"title":"Zaufali nam -","robots":{"index":"index","follow":"follow","max-snippet":"max-snippet:-1","max-image-preview":"max-image-preview:large","max-video-preview":"max-video-preview:-1"},"canonical":"https:\/\/kemlex.pl\/?page_id=304","og_locale":"en_US","og_type":"article","og_title":"Zaufali nam -","og_description":"Pensjonat \u201eLamar\u201d\u00a0ul. Nawigacyjna nr 1,84-120 W\u0142adys\u0142awowo\u00a0NIP: 5871478055\u00a0REGON: 191985335Z czystym sumieniem polecam tego Doradc\u0119 \u2013 profesjonalne podej\u015bcie do klienta i merytoryczna [&hellip;]","og_url":"https:\/\/kemlex.pl\/?page_id=304","article_modified_time":"2025-12-29T19:33:06+00:00","twitter_card":"summary_large_image","twitter_misc":{"Est. reading time":"1 minute"},"schema":{"@context":"https:\/\/schema.org","@graph":[{"@type":"WebPage","@id":"https:\/\/kemlex.pl\/?page_id=304","url":"https:\/\/kemlex.pl\/?page_id=304","name":"Zaufali nam -","isPartOf":{"@id":"https:\/\/kemlex.pl\/#website"},"datePublished":"2025-11-27T09:22:01+00:00","dateModified":"2025-12-29T19:33:06+00:00","breadcrumb":{"@id":"https:\/\/kemlex.pl\/?page_id=304#breadcrumb"},"inLanguage":"en-US","potentialAction":[{"@type":"ReadAction","target":["https:\/\/kemlex.pl\/?page_id=304"]}]},{"@type":"BreadcrumbList","@id":"https:\/\/kemlex.pl\/?page_id=304#breadcrumb","itemListElement":[{"@type":"ListItem","position":1,"name":"Strona g\u0142\u00f3wna","item":"https:\/\/kemlex.pl\/"},{"@type":"ListItem","position":2,"name":"Zaufali nam"}]},{"@type":"WebSite","@id":"https:\/\/kemlex.pl\/#website","url":"https:\/\/kemlex.pl\/","name":"kemlex","description":"","publisher":{"@id":"https:\/\/kemlex.pl\/#organization"},"potentialAction":[{"@type":"SearchAction","target":{"@type":"EntryPoint","urlTemplate":"https:\/\/kemlex.pl\/?s={search_term_string}"},"query-input":{"@type":"PropertyValueSpecification","valueRequired":true,"valueName":"search_term_string"}}],"inLanguage":"en-US"},{"@type":"Organization","@id":"https:\/\/kemlex.pl\/#organization","name":"Kemlex","url":"https:\/\/kemlex.pl\/","logo":{"@type":"ImageObject","inLanguage":"en-US","@id":"https:\/\/kemlex.pl\/#\/schema\/logo\/image\/","url":"http:\/\/kemlex.pl\/wp-content\/uploads\/2025\/10\/ChatGPT-Image-25-paz-2025-17_04_39-1.png","contentUrl":"http:\/\/kemlex.pl\/wp-content\/uploads\/2025\/10\/ChatGPT-Image-25-paz-2025-17_04_39-1.png","width":1024,"height":1024,"caption":"Kemlex"},"image":{"@id":"https:\/\/kemlex.pl\/#\/schema\/logo\/image\/"},"sameAs":["https:\/\/instagram.com"]}]}},"_links":{"self":[{"href":"https:\/\/kemlex.pl\/index.php?rest_route=\/wp\/v2\/pages\/304","targetHints":{"allow":["GET"]}}],"collection":[{"href":"https:\/\/kemlex.pl\/index.php?rest_route=\/wp\/v2\/pages"}],"about":[{"href":"https:\/\/kemlex.pl\/index.php?rest_route=\/wp\/v2\/types\/page"}],"author":[{"embeddable":true,"href":"https:\/\/kemlex.pl\/index.php?rest_route=\/wp\/v2\/users\/1"}],"replies":[{"embeddable":true,"href":"https:\/\/kemlex.pl\/index.php?rest_route=%2Fwp%2Fv2%2Fcomments&post=304"}],"version-history":[{"count":19,"href":"https:\/\/kemlex.pl\/index.php?rest_route=\/wp\/v2\/pages\/304\/revisions"}],"predecessor-version":[{"id":480,"href":"https:\/\/kemlex.pl\/index.php?rest_route=\/wp\/v2\/pages\/304\/revisions\/480"}],"wp:attachment":[{"href":"https:\/\/kemlex.pl\/index.php?rest_route=%2Fwp%2Fv2%2Fmedia&parent=304"}],"curies":[{"name":"wp","href":"https:\/\/api.w.org\/{rel}","templated":true}]}}