{"id":333,"date":"2025-11-27T10:52:24","date_gmt":"2025-11-27T09:52:24","guid":{"rendered":"https:\/\/kemlex.pl\/?page_id=333"},"modified":"2025-12-29T20:05:35","modified_gmt":"2025-12-29T19:05:35","slug":"ogloszenia","status":"publish","type":"page","link":"https:\/\/kemlex.pl\/?page_id=333","title":{"rendered":""},"content":{"rendered":"\t\t<div data-elementor-type=\"wp-page\" data-elementor-id=\"333\" class=\"elementor elementor-333\">\n\t\t\t\t<div class=\"elementor-element elementor-element-aca3f2f e-flex e-con-boxed e-con e-parent\" data-id=\"aca3f2f\" data-element_type=\"container\">\n\t\t\t\t\t<div class=\"e-con-inner\">\n\t\t\t\t<div class=\"elementor-element elementor-element-fd6561f elementor-widget elementor-widget-heading\" data-id=\"fd6561f\" data-element_type=\"widget\" data-widget_type=\"heading.default\">\n\t\t\t\t\t<h2 class=\"elementor-heading-title elementor-size-default\">Finansowanie<\/h2>\t\t\t\t<\/div>\n\t\t\t\t\t<\/div>\n\t\t\t\t<\/div>\n\t\t<div class=\"elementor-element elementor-element-9867cc4 e-flex e-con-boxed e-con e-parent\" data-id=\"9867cc4\" data-element_type=\"container\">\n\t\t\t\t\t<div class=\"e-con-inner\">\n\t\t\t\t<div class=\"elementor-element elementor-element-a36e9a6 elementor-widget__width-initial elementor-widget elementor-widget-text-editor\" data-id=\"a36e9a6\" data-element_type=\"widget\" data-widget_type=\"text-editor.default\">\n\t\t\t\t\t\t\t\t\t<h4>W wyj\u0105tkowych sytuacjach, aby utrzyma\u0107 biznes i osi\u0105ga\u0107 sukces, przedsi\u0119biorstwa musz\u0105 by\u0107 gotowe na inwestycj\u0119. W\u00f3wczas jednym z kluczowych element\u00f3w udanej restrukturyzacji jest odpowiednie finansowanie, kt\u00f3re pozwoli firmie rozwija\u0107 si\u0119 i zdobywa\u0107 nowe rynki.<\/h4><h4>Posiadamy w swojej ofercie mo\u017cliwo\u015b\u0107 pozyskania finansowania kapita\u0142owego oraz d\u0142u\u017cnego dla przedsi\u0119biorstw w restrukturyzacji.<\/h4><h4>Kwota od 50 000,00 z\u0142 do 3 000 000,00 z\u0142.<\/h4>\t\t\t\t\t\t\t\t<\/div>\n\t\t\t\t\t<\/div>\n\t\t\t\t<\/div>\n\t\t\t\t<\/div>\n\t\t","protected":false},"excerpt":{"rendered":"<p>Finansowanie W wyj\u0105tkowych sytuacjach, aby utrzyma\u0107 biznes i osi\u0105ga\u0107 sukces, przedsi\u0119biorstwa musz\u0105 by\u0107 gotowe na inwestycj\u0119. W\u00f3wczas jednym z kluczowych [&hellip;]<\/p>\n","protected":false},"author":1,"featured_media":0,"parent":233,"menu_order":0,"comment_status":"closed","ping_status":"closed","template":"","meta":{"site-sidebar-layout":"no-sidebar","site-content-layout":"","ast-site-content-layout":"full-width-container","site-content-style":"default","site-sidebar-style":"default","ast-global-header-display":"","ast-banner-title-visibility":"","ast-main-header-display":"","ast-hfb-above-header-display":"","ast-hfb-below-header-display":"","ast-hfb-mobile-header-display":"","site-post-title":"","ast-breadcrumbs-content":"","ast-featured-img":"disabled","footer-sml-layout":"","theme-transparent-header-meta":"default","adv-header-id-meta":"","stick-header-meta":"","header-above-stick-meta":"","header-main-stick-meta":"","header-below-stick-meta":"","astra-migrate-meta-layouts":"set","ast-page-background-enabled":"default","ast-page-background-meta":{"desktop":{"background-color":"var(--ast-global-color-5)","background-image":"","background-repeat":"repeat","background-position":"center center","background-size":"auto","background-attachment":"scroll","background-type":"","background-media":"","overlay-type":"","overlay-color":"","overlay-opacity":"","overlay-gradient":""},"tablet":{"background-color":"","background-image":"","background-repeat":"repeat","background-position":"center center","background-size":"auto","background-attachment":"scroll","background-type":"","background-media":"","overlay-type":"","overlay-color":"","overlay-opacity":"","overlay-gradient":""},"mobile":{"background-color":"","background-image":"","background-repeat":"repeat","background-position":"center center","background-size":"auto","background-attachment":"scroll","background-type":"","background-media":"","overlay-type":"","overlay-color":"","overlay-opacity":"","overlay-gradient":""}},"ast-content-background-meta":{"desktop":{"background-color":"var(--ast-global-color-4)","background-image":"","background-repeat":"repeat","background-position":"center center","background-size":"auto","background-attachment":"scroll","background-type":"","background-media":"","overlay-type":"","overlay-color":"","overlay-opacity":"","overlay-gradient":""},"tablet":{"background-color":"var(--ast-global-color-4)","background-image":"","background-repeat":"repeat","background-position":"center center","background-size":"auto","background-attachment":"scroll","background-type":"","background-media":"","overlay-type":"","overlay-color":"","overlay-opacity":"","overlay-gradient":""},"mobile":{"background-color":"var(--ast-global-color-4)","background-image":"","background-repeat":"repeat","background-position":"center center","background-size":"auto","background-attachment":"scroll","background-type":"","background-media":"","overlay-type":"","overlay-color":"","overlay-opacity":"","overlay-gradient":""}},"footnotes":""},"class_list":["post-333","page","type-page","status-publish","hentry"],"yoast_head":"<!-- This site is optimized with the Yoast SEO plugin v26.2 - https:\/\/yoast.com\/wordpress\/plugins\/seo\/ -->\n<title>-<\/title>\n<meta name=\"robots\" content=\"index, follow, max-snippet:-1, max-image-preview:large, max-video-preview:-1\" \/>\n<link rel=\"canonical\" href=\"https:\/\/kemlex.pl\/?page_id=333\" \/>\n<meta property=\"og:locale\" content=\"en_US\" \/>\n<meta property=\"og:type\" content=\"article\" \/>\n<meta property=\"og:title\" content=\"-\" \/>\n<meta property=\"og:description\" content=\"Finansowanie W wyj\u0105tkowych sytuacjach, aby utrzyma\u0107 biznes i osi\u0105ga\u0107 sukces, przedsi\u0119biorstwa musz\u0105 by\u0107 gotowe na inwestycj\u0119. W\u00f3wczas jednym z kluczowych [&hellip;]\" \/>\n<meta property=\"og:url\" content=\"https:\/\/kemlex.pl\/?page_id=333\" \/>\n<meta property=\"article:modified_time\" content=\"2025-12-29T19:05:35+00:00\" \/>\n<meta name=\"twitter:card\" content=\"summary_large_image\" \/>\n<meta name=\"twitter:label1\" content=\"Est. reading time\" \/>\n\t<meta name=\"twitter:data1\" content=\"1 minute\" \/>\n<script type=\"application\/ld+json\" class=\"yoast-schema-graph\">{\"@context\":\"https:\/\/schema.org\",\"@graph\":[{\"@type\":\"WebPage\",\"@id\":\"https:\/\/kemlex.pl\/?page_id=333\",\"url\":\"https:\/\/kemlex.pl\/?page_id=333\",\"name\":\"-\",\"isPartOf\":{\"@id\":\"https:\/\/kemlex.pl\/#website\"},\"datePublished\":\"2025-11-27T09:52:24+00:00\",\"dateModified\":\"2025-12-29T19:05:35+00:00\",\"inLanguage\":\"en-US\",\"potentialAction\":[{\"@type\":\"ReadAction\",\"target\":[\"https:\/\/kemlex.pl\/?page_id=333\"]}]},{\"@type\":\"WebSite\",\"@id\":\"https:\/\/kemlex.pl\/#website\",\"url\":\"https:\/\/kemlex.pl\/\",\"name\":\"kemlex\",\"description\":\"\",\"publisher\":{\"@id\":\"https:\/\/kemlex.pl\/#organization\"},\"potentialAction\":[{\"@type\":\"SearchAction\",\"target\":{\"@type\":\"EntryPoint\",\"urlTemplate\":\"https:\/\/kemlex.pl\/?s={search_term_string}\"},\"query-input\":{\"@type\":\"PropertyValueSpecification\",\"valueRequired\":true,\"valueName\":\"search_term_string\"}}],\"inLanguage\":\"en-US\"},{\"@type\":\"Organization\",\"@id\":\"https:\/\/kemlex.pl\/#organization\",\"name\":\"Kemlex\",\"url\":\"https:\/\/kemlex.pl\/\",\"logo\":{\"@type\":\"ImageObject\",\"inLanguage\":\"en-US\",\"@id\":\"https:\/\/kemlex.pl\/#\/schema\/logo\/image\/\",\"url\":\"http:\/\/kemlex.pl\/wp-content\/uploads\/2025\/10\/ChatGPT-Image-25-paz-2025-17_04_39-1.png\",\"contentUrl\":\"http:\/\/kemlex.pl\/wp-content\/uploads\/2025\/10\/ChatGPT-Image-25-paz-2025-17_04_39-1.png\",\"width\":1024,\"height\":1024,\"caption\":\"Kemlex\"},\"image\":{\"@id\":\"https:\/\/kemlex.pl\/#\/schema\/logo\/image\/\"},\"sameAs\":[\"https:\/\/instagram.com\"]}]}<\/script>\n<!-- \/ Yoast SEO plugin. -->","yoast_head_json":{"title":"-","robots":{"index":"index","follow":"follow","max-snippet":"max-snippet:-1","max-image-preview":"max-image-preview:large","max-video-preview":"max-video-preview:-1"},"canonical":"https:\/\/kemlex.pl\/?page_id=333","og_locale":"en_US","og_type":"article","og_title":"-","og_description":"Finansowanie W wyj\u0105tkowych sytuacjach, aby utrzyma\u0107 biznes i osi\u0105ga\u0107 sukces, przedsi\u0119biorstwa musz\u0105 by\u0107 gotowe na inwestycj\u0119. W\u00f3wczas jednym z kluczowych [&hellip;]","og_url":"https:\/\/kemlex.pl\/?page_id=333","article_modified_time":"2025-12-29T19:05:35+00:00","twitter_card":"summary_large_image","twitter_misc":{"Est. reading time":"1 minute"},"schema":{"@context":"https:\/\/schema.org","@graph":[{"@type":"WebPage","@id":"https:\/\/kemlex.pl\/?page_id=333","url":"https:\/\/kemlex.pl\/?page_id=333","name":"-","isPartOf":{"@id":"https:\/\/kemlex.pl\/#website"},"datePublished":"2025-11-27T09:52:24+00:00","dateModified":"2025-12-29T19:05:35+00:00","inLanguage":"en-US","potentialAction":[{"@type":"ReadAction","target":["https:\/\/kemlex.pl\/?page_id=333"]}]},{"@type":"WebSite","@id":"https:\/\/kemlex.pl\/#website","url":"https:\/\/kemlex.pl\/","name":"kemlex","description":"","publisher":{"@id":"https:\/\/kemlex.pl\/#organization"},"potentialAction":[{"@type":"SearchAction","target":{"@type":"EntryPoint","urlTemplate":"https:\/\/kemlex.pl\/?s={search_term_string}"},"query-input":{"@type":"PropertyValueSpecification","valueRequired":true,"valueName":"search_term_string"}}],"inLanguage":"en-US"},{"@type":"Organization","@id":"https:\/\/kemlex.pl\/#organization","name":"Kemlex","url":"https:\/\/kemlex.pl\/","logo":{"@type":"ImageObject","inLanguage":"en-US","@id":"https:\/\/kemlex.pl\/#\/schema\/logo\/image\/","url":"http:\/\/kemlex.pl\/wp-content\/uploads\/2025\/10\/ChatGPT-Image-25-paz-2025-17_04_39-1.png","contentUrl":"http:\/\/kemlex.pl\/wp-content\/uploads\/2025\/10\/ChatGPT-Image-25-paz-2025-17_04_39-1.png","width":1024,"height":1024,"caption":"Kemlex"},"image":{"@id":"https:\/\/kemlex.pl\/#\/schema\/logo\/image\/"},"sameAs":["https:\/\/instagram.com"]}]}},"_links":{"self":[{"href":"https:\/\/kemlex.pl\/index.php?rest_route=\/wp\/v2\/pages\/333","targetHints":{"allow":["GET"]}}],"collection":[{"href":"https:\/\/kemlex.pl\/index.php?rest_route=\/wp\/v2\/pages"}],"about":[{"href":"https:\/\/kemlex.pl\/index.php?rest_route=\/wp\/v2\/types\/page"}],"author":[{"embeddable":true,"href":"https:\/\/kemlex.pl\/index.php?rest_route=\/wp\/v2\/users\/1"}],"replies":[{"embeddable":true,"href":"https:\/\/kemlex.pl\/index.php?rest_route=%2Fwp%2Fv2%2Fcomments&post=333"}],"version-history":[{"count":29,"href":"https:\/\/kemlex.pl\/index.php?rest_route=\/wp\/v2\/pages\/333\/revisions"}],"predecessor-version":[{"id":458,"href":"https:\/\/kemlex.pl\/index.php?rest_route=\/wp\/v2\/pages\/333\/revisions\/458"}],"up":[{"embeddable":true,"href":"https:\/\/kemlex.pl\/index.php?rest_route=\/wp\/v2\/pages\/233"}],"wp:attachment":[{"href":"https:\/\/kemlex.pl\/index.php?rest_route=%2Fwp%2Fv2%2Fmedia&parent=333"}],"curies":[{"name":"wp","href":"https:\/\/api.w.org\/{rel}","templated":true}]}}